{"id":2744,"date":"2021-01-11T11:18:00","date_gmt":"2021-01-11T10:18:00","guid":{"rendered":"https:\/\/www.damery.com\/petrawauters\/?page_id=2744"},"modified":"2021-01-11T13:00:22","modified_gmt":"2021-01-11T12:00:22","slug":"libro-de-oro","status":"publish","type":"page","link":"https:\/\/www.damery.com\/petrawauters\/libro-de-oro\/","title":{"rendered":"Livre d&rsquo;or"},"content":{"rendered":"<div class=\"gwolle-gb\"><div class=\"gwolle_gb_messages_top_container\"><\/div>\n\t\t\t<div class=\"gwolle-gb-write-button\">\n\t\t\t\t<input type=\"button\" name=\"gwolle-gb-write-button\" class=\"button btn btn-default \" value=\"\u00c9crire un nouveau message.\" \/>\n\t\t\t<\/div>\n\t\t\t<form action=\"#\" method=\"POST\" class=\"gwolle-gb-write gwolle-gb-hide gwolle-gb-float gwolle_gb_form_ajax gwolle-gb-form-ajax gwolle-gb-ajax gwolle-gb-not-logged-in\">\n\t\t\t\t<h3>\u00c9crivez un nouveau message dans le livre d\u2019or<\/h3>\n\t\t\t\t<button type=\"button\" class=\"gb-notice-dismiss\">x<span class=\"screen-reader-text\">Masquer ce formulaire.<\/span><\/button>\n\t\t\t\n\t\t\t\t<input type=\"hidden\" name=\"gwolle_gb_function\" class=\"gwolle_gb_function\" value=\"add_entry\" \/><input type=\"hidden\" name=\"gwolle_gb_book_id\" class=\"gwolle_gb_book_id\" value=\"1\" \/><div class=\"gwolle_gb_b05023e1d500a61cba497c41f0e31a7c\">\n\t\t\t\t<div class=\"label\"><label for=\"gwolle_gb_b05023e1d500a61cba497c41f0e31a7c\" class=\"text-info\">Nom *<\/label><\/div>\n\t\t\t\t<div class=\"input\"><input class=\"wp-exclude-emoji gwolle_gb_b05023e1d500a61cba497c41f0e31a7c\" value=\"\" type=\"text\" name=\"gwolle_gb_b05023e1d500a61cba497c41f0e31a7c\" required \/><\/div>\n\t\t\t\t<div class=\"clearBoth\">&nbsp;<\/div>\n\t\t\t<\/div>\n\t\t\t<div class=\"gwolle_gb_3f0596f138b04a82836a0150723980d3\" style=\"display:none;\">\n\t\t\t\t<div class=\"label\">\n\t\t\t\t\t<label for=\"gwolle_gb_3f0596f138b04a82836a0150723980d3\" class=\"text-primary\">Ne touchez pas \u00e0 ceci<\/label>\n\t\t\t\t\t<label for=\"gwolle_gb_30e17fb382fb75b048f9d1f7015ecec7\" class=\"text-primary\">Ne touchez pas \u00e0 ceci<\/label>\n\t\t\t\t<\/div>\n\t\t\t\t<div class=\"input\">\n\t\t\t\t\t<input value=\"90\" type=\"text\" name=\"gwolle_gb_3f0596f138b04a82836a0150723980d3\" class=\"gwolle_gb_3f0596f138b04a82836a0150723980d3\" \/>\n\t\t\t\t\t<input value=\"\" type=\"text\" name=\"gwolle_gb_30e17fb382fb75b048f9d1f7015ecec7\" class=\"gwolle_gb_30e17fb382fb75b048f9d1f7015ecec7\" \/>\n\t\t\t\t<\/div>\n\t\t\t\t<div class=\"clearBoth\"><\/div>\n\t\t\t<\/div>\n\t\t\t<div class=\"gwolle_gb_1453f1a48750c962604ba74d8bba4a79\" style=\"display:none;\">\n\t\t\t\t<div class=\"label\">\n\t\t\t\t\t<label for=\"gwolle_gb_1453f1a48750c962604ba74d8bba4a79\" class=\"text-primary\">Ne touchez pas \u00e0 ceci<\/label>\n\t\t\t\t\t<label for=\"gwolle_gb_1fccf90ded9f2cd1c64a3cb2954824ff\" class=\"text-primary\">Ne touchez pas \u00e0 ceci<\/label>\n\t\t\t\t<\/div>\n\t\t\t\t<div class=\"input\">\n\t\t\t\t\t<input value=\"12393\" type=\"text\" name=\"gwolle_gb_1453f1a48750c962604ba74d8bba4a79\" class=\"gwolle_gb_1453f1a48750c962604ba74d8bba4a79\" \/>\n\t\t\t\t\t<input value=\"12393\" type=\"text\" name=\"gwolle_gb_1fccf90ded9f2cd1c64a3cb2954824ff\" class=\"gwolle_gb_1fccf90ded9f2cd1c64a3cb2954824ff\" \/>\n\t\t\t\t<\/div>\n\t\t\t\t<div class=\"clearBoth\"><\/div>\n\t\t\t<\/div><div class=\"gwolle_gb_content\">\n\t\t\t\t<div class=\"label\"><label for=\"gwolle_gb_content\" class=\"text-info\">Message du livre d\u2019or *<\/label><\/div>\n\t\t\t\t<div class=\"input\"><textarea name=\"gwolle_gb_content\" class=\"gwolle_gb_content wp-exclude-emoji\" required ><\/textarea><\/div>\n\t\t\t\t\t<div class=\"clearBoth\">&nbsp;<\/div>\n\t\t\t\t<\/div><input type=\"hidden\" class=\"gwolle_gb_02d9b440a226351e97d29e07c143ced2\" name=\"gwolle_gb_02d9b440a226351e97d29e07c143ced2\" value=\"7cddea9aa9\" \/>\n\t\t\t<div class=\"gwolle_gb_messages_bottom_container\"><\/div>\n\n\t\t\t<noscript><div class=\"no-js\">Avertissement\u00a0: Ce formulaire ne peut \u00eatre utilis\u00e9 que si JavaScript est activ\u00e9 dans votre navigateur.<\/div><\/noscript>\n\n\t\t\t<div class=\"gwolle_gb_submit\">\n\t\t\t\t<div class=\"label gwolle-gb-invisible text-muted\">&nbsp;<\/div>\n\t\t\t\t<div class=\"input\">\n\t\t\t\t\t<input type=\"submit\" name=\"gwolle_gb_submit\" class=\"gwolle_gb_submit button btn btn-primary \" value=\"Envoyer\" \/>\n\t\t\t\t\t<span class=\"gwolle_gb_submit_ajax_icon\"><\/span>\n\t\t\t\n\t\t\t\t<\/div>\n\t\t\t\t<div class=\"clearBoth\">&nbsp;<\/div>\n\t\t\t<\/div>\n\n\t\t\t<div class=\"gwolle_gb_notice\">\n\t\t\t\tLes champs marqu\u00e9s avec un * sont obligatoires.<br \/>\r\nVotre adresse e-mail ne sera pas publi\u00e9e.<br \/>\r\nIl se pourrait que votre message n\u2019apparaisse dans le livre d\u2019or qu\u2019apr\u00e8s que nous l\u2019ayons v\u00e9rifi\u00e9.<br \/>\r\nNous nous r\u00e9servons le droit de modifier, de supprimer, ou de ne pas publier les messages.\n\t\t\t<\/div><\/form>\n\t\t\t\t<div class=\"page-navigation\">\n\t\t\t\t\t<span class=\"screen-reader-text\">Navigation dans la liste du livre d\u2019or<\/span><span class=\"page-numbers current\">1<\/span><a href=\"https:\/\/www.damery.com\/petrawauters\/libro-de-oro\/?pageNum=2\" title=\"Page 2\">2<\/a><a href=\"https:\/\/www.damery.com\/petrawauters\/libro-de-oro\/?pageNum=3\" title=\"Page 3\">3<\/a><a href=\"https:\/\/www.damery.com\/petrawauters\/libro-de-oro\/?pageNum=4\" title=\"Page 4\">4<\/a><a href=\"https:\/\/www.damery.com\/petrawauters\/libro-de-oro\/?pageNum=5\" title=\"Page 5\">5<\/a><span class=\"page-numbers dots\">...<\/span><a href=\"https:\/\/www.damery.com\/petrawauters\/libro-de-oro\/?pageNum=7\" title=\"Page 7\">7<\/a><a href=\"https:\/\/www.damery.com\/petrawauters\/libro-de-oro\/?pageNum=2\" title=\"Page suivante\" rel=\"next\">&rarr;<\/a><\/div>\n\t\t<div class=\"gwolle-gb-read gwolle-gb-ajax gwolle-gb-entries-list\" data-book_id=\"1\" data-page_id=\"1\">\n\t\t<div id=\"gwolle-gb-total\" class=\"gwolle-gb-total\">62 messages.<\/div><!-- Gwolle-GB Entry: Default Template Loaded -->\n\t\t\t\t<div class=\"gb-entry gb-entry_86 gb-entry-count_1 gwolle_gb_uneven gwolle-gb-uneven gwolle-gb-first\" data-entry_id=\"86\">\n\t\t\t\t<article>\n\t\t\t\t\t<div class=\"gb-author-info\">\n\t\t\t\t\t\t<span class=\"gb-author-name\">m.kissine\n\t\t\t\t\t\t<\/span>\n\t\t\t\t\t\t<span class=\"gb-datetime\">\n\t\t\t\t\t\t\t<span class=\"gb-date\"><span class=\"gb-date-wrote-text\"> a \u00e9crit le<\/span><span class=\"gb-date-text\"> 27 novembre 2022<\/span>\n\t\t\t\t\t\t\t<\/span><span class=\"gb-time\">\n\t\t\t\t\t\t\t\t\t<span class=\"gb-time-at-text\"> \u00e0<\/span>\n\t\t\t\t\t\t\t\t\t<span class=\"gb-time-text\"> 16 h 18 min<\/span>\n\t\t\t\t\t\t\t\t<\/span>\n\t\t\t\t\t\t<\/span> \n\t\t\t\t\t<\/div>\n\t\t\t\t\t<div class=\"gb-entry-content\">\n\t\t\t\t\t\t<div class=\"gb-entry-excerpt\">J&#039;aime beaucoup vos coquelicots... entre autres. Je vous d\u00e9couvre par le biais de l&#039;expo de Mich\u00e8le Sauberli, ces jours \u00e0 Sochaux. Merci !<\/div>\n\t\t\t\t\t\t<div class=\"gb-entry-full-content gwolle-gb-hide\">J&#039;aime beaucoup vos coquelicots... entre autres. \nJe vous d\u00e9couvre par le biais de l&#039;expo de Mich\u00e8le Sauberli, ces jours \u00e0 Sochaux. \nMerci !<\/div>\n\t\t\t\t\t<\/div>\n\t\t\t\t<\/article>\n\t\t\t<\/div>\n\t\t\t<div class=\"gb-entry gb-entry_85 gb-entry-count_2 gwolle_gb_even gwolle-gb-even\" data-entry_id=\"85\">\n\t\t\t\t<article>\n\t\t\t\t\t<div class=\"gb-author-info\">\n\t\t\t\t\t\t<span class=\"gb-author-name\">Gis\u00e8le\n\t\t\t\t\t\t<\/span>\n\t\t\t\t\t\t<span class=\"gb-datetime\">\n\t\t\t\t\t\t\t<span class=\"gb-date\"><span class=\"gb-date-wrote-text\"> a \u00e9crit le<\/span><span class=\"gb-date-text\"> 15 f\u00e9vrier 2021<\/span>\n\t\t\t\t\t\t\t<\/span><span class=\"gb-time\">\n\t\t\t\t\t\t\t\t\t<span class=\"gb-time-at-text\"> \u00e0<\/span>\n\t\t\t\t\t\t\t\t\t<span class=\"gb-time-text\"> 17 h 52 min<\/span>\n\t\t\t\t\t\t\t\t<\/span>\n\t\t\t\t\t\t<\/span> \n\t\t\t\t\t<\/div>\n\t\t\t\t\t<div class=\"gb-entry-content\">\n\t\t\t\t\t\t<div class=\"gb-entry-excerpt\">magnifique ton site et toutes tes aquarelles. Ton investissement et ton adaptation avec la pand\u00e9mie est hors du commun et malgr\u00e9 l&#039;\u00e9loignement, avec tes corrections personnalis\u00e9es, tu nous permet d&#039;avancer. Merci, merci, merci<\/div>\n\t\t\t\t\t\t<div class=\"gb-entry-full-content gwolle-gb-hide\">magnifique ton site et toutes tes aquarelles. Ton investissement et ton adaptation avec la pand\u00e9mie est hors du commun et malgr\u00e9 l&#039;\u00e9loignement, avec tes corrections personnalis\u00e9es, tu nous permet d&#039;avancer. Merci, merci, merci<\/div>\n\t\t\t\t\t<\/div>\n\t\t\t\t<\/article>\n\t\t\t<\/div>\n\t\t\t<div class=\"gb-entry gb-entry_84 gb-entry-count_3 gwolle_gb_uneven gwolle-gb-uneven\" data-entry_id=\"84\">\n\t\t\t\t<article>\n\t\t\t\t\t<div class=\"gb-author-info\">\n\t\t\t\t\t\t<span class=\"gb-author-name\"><i class=\"gb-moderator\">Eleve<\/i>\n\t\t\t\t\t\t<\/span>\n\t\t\t\t\t\t<span class=\"gb-datetime\">\n\t\t\t\t\t\t\t<span class=\"gb-date\"><span class=\"gb-date-wrote-text\"> a \u00e9crit le<\/span><span class=\"gb-date-text\"> 15 janvier 2021<\/span>\n\t\t\t\t\t\t\t<\/span><span class=\"gb-time\">\n\t\t\t\t\t\t\t\t\t<span class=\"gb-time-at-text\"> \u00e0<\/span>\n\t\t\t\t\t\t\t\t\t<span class=\"gb-time-text\"> 17 h 30 min<\/span>\n\t\t\t\t\t\t\t\t<\/span>\n\t\t\t\t\t\t<\/span> \n\t\t\t\t\t<\/div>\n\t\t\t\t\t<div class=\"gb-entry-content\">\n\t\t\t\t\t\t<div class=\"gb-entry-excerpt\">Quelle patience pour essayer de nous insuffler un peu de ta passion. Un grand merci pour le travail que nous te donnons. Tu essaie toujours de nous donner le meilleur de toi. Bravo<\/div>\n\t\t\t\t\t\t<div class=\"gb-entry-full-content gwolle-gb-hide\">Quelle patience pour essayer de nous insuffler un peu de ta passion. Un grand merci pour le travail que nous te \ndonnons. Tu essaie toujours de nous donner le meilleur de toi. Bravo<\/div>\n\t\t\t\t\t<\/div>\n\t\t\t\t<\/article>\n\t\t\t<\/div>\n\t\t\t<div class=\"gb-entry gb-entry_83 gb-entry-count_4 gwolle_gb_even gwolle-gb-even\" data-entry_id=\"83\">\n\t\t\t\t<article>\n\t\t\t\t\t<div class=\"gb-author-info\">\n\t\t\t\t\t\t<span class=\"gb-author-name\"><i class=\"gb-moderator\">Martine D<\/i>\n\t\t\t\t\t\t<\/span>\n\t\t\t\t\t\t<span class=\"gb-datetime\">\n\t\t\t\t\t\t\t<span class=\"gb-date\"><span class=\"gb-date-wrote-text\"> a \u00e9crit le<\/span><span class=\"gb-date-text\"> 15 janvier 2021<\/span>\n\t\t\t\t\t\t\t<\/span><span class=\"gb-time\">\n\t\t\t\t\t\t\t\t\t<span class=\"gb-time-at-text\"> \u00e0<\/span>\n\t\t\t\t\t\t\t\t\t<span class=\"gb-time-text\"> 17 h 24 min<\/span>\n\t\t\t\t\t\t\t\t<\/span>\n\t\t\t\t\t\t<\/span> \n\t\t\t\t\t<\/div>\n\t\t\t\t\t<div class=\"gb-entry-content\">\n\t\t\t\t\t\t<div class=\"gb-entry-excerpt\">Que le temps passe vite avec toi ! Merci<\/div>\n\t\t\t\t\t\t<div class=\"gb-entry-full-content gwolle-gb-hide\">Que le temps passe vite avec toi ! Merci<\/div>\n\t\t\t\t\t<\/div>\n\t\t\t\t<\/article>\n\t\t\t<\/div>\n\t\t\t<div class=\"gb-entry gb-entry_82 gb-entry-count_5 gwolle_gb_uneven gwolle-gb-uneven\" data-entry_id=\"82\">\n\t\t\t\t<article>\n\t\t\t\t\t<div class=\"gb-author-info\">\n\t\t\t\t\t\t<span class=\"gb-author-name\"><i class=\"gb-moderator\">Ros. P<\/i>\n\t\t\t\t\t\t<\/span>\n\t\t\t\t\t\t<span class=\"gb-datetime\">\n\t\t\t\t\t\t\t<span class=\"gb-date\"><span class=\"gb-date-wrote-text\"> a \u00e9crit le<\/span><span class=\"gb-date-text\"> 15 janvier 2021<\/span>\n\t\t\t\t\t\t\t<\/span><span class=\"gb-time\">\n\t\t\t\t\t\t\t\t\t<span class=\"gb-time-at-text\"> \u00e0<\/span>\n\t\t\t\t\t\t\t\t\t<span class=\"gb-time-text\"> 17 h 23 min<\/span>\n\t\t\t\t\t\t\t\t<\/span>\n\t\t\t\t\t\t<\/span> \n\t\t\t\t\t<\/div>\n\t\t\t\t\t<div class=\"gb-entry-content\">\n\t\t\t\t\t\t<div class=\"gb-entry-excerpt\">Quelle installation , Merci P\u00e9tra de te donner autant de mal pour nous :<\/div>\n\t\t\t\t\t\t<div class=\"gb-entry-full-content gwolle-gb-hide\">Quelle installation , Merci P\u00e9tra de te donner autant de mal pour nous :<\/div>\n\t\t\t\t\t<\/div>\n\t\t\t\t<\/article>\n\t\t\t<\/div>\n\t\t\t<div class=\"gb-entry gb-entry_81 gb-entry-count_6 gwolle_gb_even gwolle-gb-even\" data-entry_id=\"81\">\n\t\t\t\t<article>\n\t\t\t\t\t<div class=\"gb-author-info\">\n\t\t\t\t\t\t<span class=\"gb-author-name\"><i class=\"gb-moderator\">Anne M P<\/i>\n\t\t\t\t\t\t<\/span>\n\t\t\t\t\t\t<span class=\"gb-datetime\">\n\t\t\t\t\t\t\t<span class=\"gb-date\"><span class=\"gb-date-wrote-text\"> a \u00e9crit le<\/span><span class=\"gb-date-text\"> 15 janvier 2021<\/span>\n\t\t\t\t\t\t\t<\/span><span class=\"gb-time\">\n\t\t\t\t\t\t\t\t\t<span class=\"gb-time-at-text\"> \u00e0<\/span>\n\t\t\t\t\t\t\t\t\t<span class=\"gb-time-text\"> 17 h 16 min<\/span>\n\t\t\t\t\t\t\t\t<\/span>\n\t\t\t\t\t\t<\/span> \n\t\t\t\t\t<\/div>\n\t\t\t\t\t<div class=\"gb-entry-content\">\n\t\t\t\t\t\t<div class=\"gb-entry-excerpt\">Merci, tu es courageuse, car la technique complique toute, et il y a longtemps que j&#039;aurais abandonn\u00e9 \u00e0 ta place. Mais non, toi, tu cherches toujours mieux ! Un grand merci<\/div>\n\t\t\t\t\t\t<div class=\"gb-entry-full-content gwolle-gb-hide\">Merci, tu es courageuse, car la technique complique toute, et il y a longtemps que j&#039;aurais abandonn\u00e9 \u00e0 ta place. Mais non, toi, tu cherches toujours mieux ! Un grand merci<\/div>\n\t\t\t\t\t<\/div>\n\t\t\t\t<\/article>\n\t\t\t<\/div>\n\t\t\t<div class=\"gb-entry gb-entry_79 gb-entry-count_7 gwolle_gb_uneven gwolle-gb-uneven\" data-entry_id=\"79\">\n\t\t\t\t<article>\n\t\t\t\t\t<div class=\"gb-author-info\">\n\t\t\t\t\t\t<span class=\"gb-author-name\"><i class=\"gb-moderator\">P. S<\/i>\n\t\t\t\t\t\t<\/span>\n\t\t\t\t\t\t<span class=\"gb-datetime\">\n\t\t\t\t\t\t\t<span class=\"gb-date\"><span class=\"gb-date-wrote-text\"> a \u00e9crit le<\/span><span class=\"gb-date-text\"> 11 janvier 2021<\/span>\n\t\t\t\t\t\t\t<\/span><span class=\"gb-time\">\n\t\t\t\t\t\t\t\t\t<span class=\"gb-time-at-text\"> \u00e0<\/span>\n\t\t\t\t\t\t\t\t\t<span class=\"gb-time-text\"> 16 h 01 min<\/span>\n\t\t\t\t\t\t\t\t<\/span>\n\t\t\t\t\t\t<\/span> \n\t\t\t\t\t<\/div>\n\t\t\t\t\t<div class=\"gb-entry-content\">\n\t\t\t\t\t\t<div class=\"gb-entry-excerpt\">Je salue ici l&#039;incroyable investissement de P\u00e9tra !!!!!<\/div>\n\t\t\t\t\t\t<div class=\"gb-entry-full-content gwolle-gb-hide\">Je salue ici l&#039;incroyable investissement de P\u00e9tra !!!!!<\/div>\n\t\t\t\t\t<\/div>\n\t\t\t\t<\/article>\n\t\t\t<\/div>\n\t\t\t<div class=\"gb-entry gb-entry_78 gb-entry-count_8 gwolle_gb_even gwolle-gb-even\" data-entry_id=\"78\">\n\t\t\t\t<article>\n\t\t\t\t\t<div class=\"gb-author-info\">\n\t\t\t\t\t\t<span class=\"gb-author-name\"><i class=\"gb-moderator\">M. D.<\/i>\n\t\t\t\t\t\t<\/span>\n\t\t\t\t\t\t<span class=\"gb-datetime\">\n\t\t\t\t\t\t\t<span class=\"gb-date\"><span class=\"gb-date-wrote-text\"> a \u00e9crit le<\/span><span class=\"gb-date-text\"> 11 janvier 2021<\/span>\n\t\t\t\t\t\t\t<\/span><span class=\"gb-time\">\n\t\t\t\t\t\t\t\t\t<span class=\"gb-time-at-text\"> \u00e0<\/span>\n\t\t\t\t\t\t\t\t\t<span class=\"gb-time-text\"> 16 h 00 min<\/span>\n\t\t\t\t\t\t\t\t<\/span>\n\t\t\t\t\t\t<\/span> \n\t\t\t\t\t<\/div>\n\t\t\t\t\t<div class=\"gb-entry-content\">\n\t\t\t\t\t\t<div class=\"gb-entry-excerpt\">Oui c&#039;est vrai je suis pleine d&#039;admiration pour P\u00e9tra : disponibilit\u00e9, efficacit\u00e9, \u00e9coute, \u00e9nergie, gentillesse, Et bien d&#039;autres choses. MERCI PETRA.<\/div>\n\t\t\t\t\t\t<div class=\"gb-entry-full-content gwolle-gb-hide\">Oui c&#039;est vrai je suis pleine d&#039;admiration pour P\u00e9tra : disponibilit\u00e9, efficacit\u00e9, \u00e9coute, \u00e9nergie, gentillesse, \nEt bien d&#039;autres choses. MERCI PETRA.<\/div>\n\t\t\t\t\t<\/div>\n\t\t\t\t<\/article>\n\t\t\t<\/div>\n\t\t\t<div class=\"gb-entry gb-entry_77 gb-entry-count_9 gwolle_gb_uneven gwolle-gb-uneven\" data-entry_id=\"77\">\n\t\t\t\t<article>\n\t\t\t\t\t<div class=\"gb-author-info\">\n\t\t\t\t\t\t<span class=\"gb-author-name\"><i class=\"gb-moderator\">H.S.<\/i>\n\t\t\t\t\t\t<\/span>\n\t\t\t\t\t\t<span class=\"gb-datetime\">\n\t\t\t\t\t\t\t<span class=\"gb-date\"><span class=\"gb-date-wrote-text\"> a \u00e9crit le<\/span><span class=\"gb-date-text\"> 11 janvier 2021<\/span>\n\t\t\t\t\t\t\t<\/span><span class=\"gb-time\">\n\t\t\t\t\t\t\t\t\t<span class=\"gb-time-at-text\"> \u00e0<\/span>\n\t\t\t\t\t\t\t\t\t<span class=\"gb-time-text\"> 16 h 00 min<\/span>\n\t\t\t\t\t\t\t\t<\/span>\n\t\t\t\t\t\t<\/span> \n\t\t\t\t\t<\/div>\n\t\t\t\t\t<div class=\"gb-entry-content\">\n\t\t\t\t\t\t<div class=\"gb-entry-excerpt\">Merci P\u00e9tra pour tes encouragements et ta tr\u00e8s grande disponibilit\u00e9, nous avons beaucoup de chance de t&#039;avoir !!!<\/div>\n\t\t\t\t\t\t<div class=\"gb-entry-full-content gwolle-gb-hide\">Merci P\u00e9tra pour tes encouragements et ta tr\u00e8s grande disponibilit\u00e9, nous avons beaucoup de chance de t&#039;avoir !!!<\/div>\n\t\t\t\t\t<\/div>\n\t\t\t\t<\/article>\n\t\t\t<\/div>\n\t\t\t<div class=\"gb-entry gb-entry_76 gb-entry-count_10 gwolle_gb_even gwolle-gb-even\" data-entry_id=\"76\">\n\t\t\t\t<article>\n\t\t\t\t\t<div class=\"gb-author-info\">\n\t\t\t\t\t\t<span class=\"gb-author-name\"><i class=\"gb-moderator\">Christiane<\/i>\n\t\t\t\t\t\t<\/span>\n\t\t\t\t\t\t<span class=\"gb-datetime\">\n\t\t\t\t\t\t\t<span class=\"gb-date\"><span class=\"gb-date-wrote-text\"> a \u00e9crit le<\/span><span class=\"gb-date-text\"> 11 janvier 2021<\/span>\n\t\t\t\t\t\t\t<\/span><span class=\"gb-time\">\n\t\t\t\t\t\t\t\t\t<span class=\"gb-time-at-text\"> \u00e0<\/span>\n\t\t\t\t\t\t\t\t\t<span class=\"gb-time-text\"> 16 h 00 min<\/span>\n\t\t\t\t\t\t\t\t<\/span>\n\t\t\t\t\t\t<\/span> \n\t\t\t\t\t<\/div>\n\t\t\t\t\t<div class=\"gb-entry-content\">\n\t\t\t\t\t\t<div class=\"gb-entry-excerpt\">Merci Petra. Je vais corriger au mieux. Tes vid\u00e9os sont parfaites. Je vais m&#039;y mettre ce WE. Tu as encore plus de travail que lorsque nous sommes en atelier, \u00e0 la MJC. Merci encore.<\/div>\n\t\t\t\t\t\t<div class=\"gb-entry-full-content gwolle-gb-hide\">Merci Petra. Je vais corriger au mieux.  Tes vid\u00e9os sont parfaites. Je vais m&#039;y mettre ce WE.\nTu as encore plus de travail que lorsque nous sommes en atelier, \u00e0 la MJC. Merci encore.<\/div>\n\t\t\t\t\t<\/div>\n\t\t\t\t<\/article>\n\t\t\t<\/div>\n\t\t\t<\/div>\n\t\t\t\t<div class=\"page-navigation\">\n\t\t\t\t\t<span class=\"screen-reader-text\">Navigation dans la liste du livre d\u2019or<\/span><span class=\"page-numbers current\">1<\/span><a href=\"https:\/\/www.damery.com\/petrawauters\/libro-de-oro\/?pageNum=2\" title=\"Page 2\">2<\/a><a href=\"https:\/\/www.damery.com\/petrawauters\/libro-de-oro\/?pageNum=3\" title=\"Page 3\">3<\/a><a href=\"https:\/\/www.damery.com\/petrawauters\/libro-de-oro\/?pageNum=4\" title=\"Page 4\">4<\/a><a href=\"https:\/\/www.damery.com\/petrawauters\/libro-de-oro\/?pageNum=5\" title=\"Page 5\">5<\/a><span class=\"page-numbers dots\">...<\/span><a href=\"https:\/\/www.damery.com\/petrawauters\/libro-de-oro\/?pageNum=7\" title=\"Page 7\">7<\/a><a href=\"https:\/\/www.damery.com\/petrawauters\/libro-de-oro\/?pageNum=2\" title=\"Page suivante\" rel=\"next\">&rarr;<\/a><\/div>\n\t\t<\/div>\n","protected":false},"excerpt":{"rendered":"","protected":false},"author":5,"featured_media":0,"parent":0,"menu_order":0,"comment_status":"closed","ping_status":"closed","template":"","meta":{"footnotes":""},"_links":{"self":[{"href":"https:\/\/www.damery.com\/petrawauters\/wp-json\/wp\/v2\/pages\/2744"}],"collection":[{"href":"https:\/\/www.damery.com\/petrawauters\/wp-json\/wp\/v2\/pages"}],"about":[{"href":"https:\/\/www.damery.com\/petrawauters\/wp-json\/wp\/v2\/types\/page"}],"author":[{"embeddable":true,"href":"https:\/\/www.damery.com\/petrawauters\/wp-json\/wp\/v2\/users\/5"}],"replies":[{"embeddable":true,"href":"https:\/\/www.damery.com\/petrawauters\/wp-json\/wp\/v2\/comments?post=2744"}],"version-history":[{"count":5,"href":"https:\/\/www.damery.com\/petrawauters\/wp-json\/wp\/v2\/pages\/2744\/revisions"}],"predecessor-version":[{"id":2752,"href":"https:\/\/www.damery.com\/petrawauters\/wp-json\/wp\/v2\/pages\/2744\/revisions\/2752"}],"wp:attachment":[{"href":"https:\/\/www.damery.com\/petrawauters\/wp-json\/wp\/v2\/media?parent=2744"}],"curies":[{"name":"wp","href":"https:\/\/api.w.org\/{rel}","templated":true}]}}