{"id":150,"date":"2011-04-04T12:55:53","date_gmt":"2011-04-04T12:55:53","guid":{"rendered":"http:\/\/www.damery.com\/dev\/petrawauters\/?page_id=150"},"modified":"2025-10-11T11:11:04","modified_gmt":"2025-10-11T10:11:04","slug":"bienvenue","status":"publish","type":"page","link":"https:\/\/www.damery.com\/petrawauters\/","title":{"rendered":"Bienvenue !"},"content":{"rendered":"\n<h2 class=\"wp-block-heading\">Reportage de gensdeprovence \u00e0 l&rsquo;occasion de la sortie de mon livre chez in situ 17<\/h2>\n\n\n\n<figure class=\"wp-block-embed is-type-video is-provider-youtube wp-block-embed-youtube wp-embed-aspect-16-9 wp-has-aspect-ratio\"><div class=\"wp-block-embed__wrapper\">\n<iframe loading=\"lazy\" title=\"Petra Wauters.mp4\" width=\"474\" height=\"267\" src=\"https:\/\/www.youtube.com\/embed\/8OiCroxIUso?feature=oembed\" frameborder=\"0\" allow=\"accelerometer; autoplay; clipboard-write; encrypted-media; gyroscope; picture-in-picture; web-share\" referrerpolicy=\"strict-origin-when-cross-origin\" allowfullscreen><\/iframe>\n<\/div><\/figure>\n\n\n\n<h2 class=\"wp-block-heading\">J&rsquo;ai le plaisir de vous pr\u00e9senter mon nouveau livre: \u00a0\u00bb Regards crois\u00e9s sur l&rsquo;aquarelle\u00a0\u00bb paru aux Editions Ulisse<\/h2>\n\n\n<div class=\"wp-block-image is-style-default\">\n<figure data-wp-context=\"{ &quot;core&quot;:\n\t\t\t\t{ &quot;image&quot;:\n\t\t\t\t\t{   &quot;imageLoaded&quot;: false,\n\t\t\t\t\t\t&quot;initialized&quot;: false,\n\t\t\t\t\t\t&quot;lightboxEnabled&quot;: false,\n\t\t\t\t\t\t&quot;hideAnimationEnabled&quot;: false,\n\t\t\t\t\t\t&quot;preloadInitialized&quot;: false,\n\t\t\t\t\t\t&quot;lightboxAnimation&quot;: &quot;zoom&quot;,\n\t\t\t\t\t\t&quot;imageUploadedSrc&quot;: &quot;https:\/\/www.damery.com\/petrawauters\/wp-content\/uploads\/2025\/09\/Regards-croises-sur-aquarelle_COUV-copie_page-0001-scaled.jpg&quot;,\n\t\t\t\t\t\t&quot;imageCurrentSrc&quot;: &quot;&quot;,\n\t\t\t\t\t\t&quot;targetWidth&quot;: &quot;2560&quot;,\n\t\t\t\t\t\t&quot;targetHeight&quot;: &quot;1597&quot;,\n\t\t\t\t\t\t&quot;scaleAttr&quot;: &quot;&quot;,\n\t\t\t\t\t\t&quot;dialogLabel&quot;: &quot;Image agrandie&quot;\n\t\t\t\t\t}\n\t\t\t\t}\n\t\t\t}\" data-wp-interactive class=\"aligncenter size-large wp-lightbox-container\"><img loading=\"lazy\" decoding=\"async\" width=\"520\" height=\"324\" data-wp-effect--setStylesOnResize=\"effects.core.image.setStylesOnResize\" data-wp-effect=\"effects.core.image.setButtonStyles\" data-wp-init=\"effects.core.image.initOriginImage\" data-wp-on--click=\"actions.core.image.showLightbox\" data-wp-on--load=\"actions.core.image.handleLoad\" src=\"https:\/\/www.damery.com\/petrawauters\/wp-content\/uploads\/2025\/09\/Regards-croises-sur-aquarelle_COUV-copie_page-0001-520x324.jpg\" alt=\"\" class=\"wp-image-3561\" srcset=\"https:\/\/www.damery.com\/petrawauters\/wp-content\/uploads\/2025\/09\/Regards-croises-sur-aquarelle_COUV-copie_page-0001-520x324.jpg 520w, https:\/\/www.damery.com\/petrawauters\/wp-content\/uploads\/2025\/09\/Regards-croises-sur-aquarelle_COUV-copie_page-0001-300x187.jpg 300w, https:\/\/www.damery.com\/petrawauters\/wp-content\/uploads\/2025\/09\/Regards-croises-sur-aquarelle_COUV-copie_page-0001-768x479.jpg 768w, https:\/\/www.damery.com\/petrawauters\/wp-content\/uploads\/2025\/09\/Regards-croises-sur-aquarelle_COUV-copie_page-0001-1536x958.jpg 1536w, https:\/\/www.damery.com\/petrawauters\/wp-content\/uploads\/2025\/09\/Regards-croises-sur-aquarelle_COUV-copie_page-0001-2048x1277.jpg 2048w\" sizes=\"(max-width: 520px) 100vw, 520px\" \/><button\n\t\t\tclass=\"lightbox-trigger\"\n\t\t\ttype=\"button\"\n\t\t\taria-haspopup=\"dialog\"\n\t\t\taria-label=\"Agrandir l\u2018image\"\n\t\t\tdata-wp-on--click=\"actions.core.image.showLightbox\"\n\t\t\tdata-wp-style--right=\"context.core.image.imageButtonRight\"\n\t\t\tdata-wp-style--top=\"context.core.image.imageButtonTop\"\n\t\t>\n\t\t\t<svg xmlns=\"http:\/\/www.w3.org\/2000\/svg\" width=\"12\" height=\"12\" fill=\"none\" viewBox=\"0 0 12 12\">\n\t\t\t\t<path fill=\"#fff\" d=\"M2 0a2 2 0 0 0-2 2v2h1.5V2a.5.5 0 0 1 .5-.5h2V0H2Zm2 10.5H2a.5.5 0 0 1-.5-.5V8H0v2a2 2 0 0 0 2 2h2v-1.5ZM8 12v-1.5h2a.5.5 0 0 0 .5-.5V8H12v2a2 2 0 0 1-2 2H8Zm2-12a2 2 0 0 1 2 2v2h-1.5V2a.5.5 0 0 0-.5-.5H8V0h2Z\" \/>\n\t\t\t<\/svg>\n\t\t<\/button>        <div data-wp-body=\"\" class=\"wp-lightbox-overlay zoom\"\n            data-wp-bind--role=\"selectors.core.image.roleAttribute\"\n            data-wp-bind--aria-label=\"selectors.core.image.dialogLabel\"\n            data-wp-class--initialized=\"context.core.image.initialized\"\n            data-wp-class--active=\"context.core.image.lightboxEnabled\"\n            data-wp-class--hideAnimationEnabled=\"context.core.image.hideAnimationEnabled\"\n            data-wp-bind--aria-modal=\"selectors.core.image.ariaModal\"\n            data-wp-effect=\"effects.core.image.initLightbox\"\n            data-wp-on--keydown=\"actions.core.image.handleKeydown\"\n            data-wp-on--touchstart=\"actions.core.image.handleTouchStart\"\n            data-wp-on--touchmove=\"actions.core.image.handleTouchMove\"\n            data-wp-on--touchend=\"actions.core.image.handleTouchEnd\"\n            data-wp-on--click=\"actions.core.image.hideLightbox\"\n            tabindex=\"-1\"\n            >\n                <button type=\"button\" aria-label=\"Fermer\" style=\"fill: #000\" class=\"close-button\" data-wp-on--click=\"actions.core.image.hideLightbox\">\n                    <svg xmlns=\"http:\/\/www.w3.org\/2000\/svg\" viewBox=\"0 0 24 24\" width=\"20\" height=\"20\" aria-hidden=\"true\" focusable=\"false\"><path d=\"M13 11.8l6.1-6.3-1-1-6.1 6.2-6.1-6.2-1 1 6.1 6.3-6.5 6.7 1 1 6.5-6.6 6.5 6.6 1-1z\"><\/path><\/svg>\n                <\/button>\n                <div class=\"lightbox-image-container\"><div class=\"wp-block-image is-style-default\">\n<figure class=\"aligncenter size-large responsive-image\"><img decoding=\"async\" data-wp-bind--src=\"context.core.image.imageCurrentSrc\" data-wp-style--object-fit=\"selectors.core.image.lightboxObjectFit\" src=\"\" alt=\"\" class=\"wp-image-3561\"\/><\/figure><\/div><\/div>\n                <div class=\"lightbox-image-container\"><div class=\"wp-block-image is-style-default\">\n<figure class=\"aligncenter size-large enlarged-image\"><img decoding=\"async\" data-wp-bind--src=\"selectors.core.image.enlargedImgSrc\" data-wp-style--object-fit=\"selectors.core.image.lightboxObjectFit\" src=\"\" alt=\"\" class=\"wp-image-3561\"\/><\/figure><\/div><\/div>\n                <div class=\"scrim\" style=\"background-color: #fff\" aria-hidden=\"true\"><\/div>\n        <\/div><\/figure><\/div>\n\n\n<p><br><\/p>\n\n\n\n<div class=\"wp-block-group is-layout-flow wp-block-group-is-layout-flow\"><div class=\"wp-block-group__inner-container\">\n<h2 class=\"wp-block-heading\"><strong>J&rsquo;ai le plaisir de vous annoncer la sortie de mon livre :&nbsp;\u00ab\u00a0Ma m\u00e9thode d&rsquo;aquarelle- jusqu&rsquo;au bout du pinceau\u00a0\u00bb &#8211;&nbsp;Ulisse Editions &#8211;&nbsp;<\/strong><\/h2>\n\n\n\n<div style=\"height:50px\" aria-hidden=\"true\" class=\"wp-block-spacer\"><\/div>\n\n\n\n<figure class=\"wp-block-gallery aligncenter has-nested-images columns-default is-cropped wp-block-gallery-1 is-layout-flex wp-block-gallery-is-layout-flex\">\n<figure class=\"wp-block-image size-full is-style-default\"><a href=\"https:\/\/www.damery.com\/petrawauters\/wp-content\/uploads\/2021\/05\/Flyer_Ma-methode-aquarelle_2021.jpeg\"><img loading=\"lazy\" decoding=\"async\" width=\"1181\" height=\"1654\" src=\"https:\/\/www.damery.com\/petrawauters\/wp-content\/uploads\/2021\/05\/Flyer_Ma-methode-aquarelle_2021.jpeg\" alt=\"\" class=\"wp-image-3168\" srcset=\"https:\/\/www.damery.com\/petrawauters\/wp-content\/uploads\/2021\/05\/Flyer_Ma-methode-aquarelle_2021.jpeg 1181w, https:\/\/www.damery.com\/petrawauters\/wp-content\/uploads\/2021\/05\/Flyer_Ma-methode-aquarelle_2021-214x300.jpeg 214w, https:\/\/www.damery.com\/petrawauters\/wp-content\/uploads\/2021\/05\/Flyer_Ma-methode-aquarelle_2021-371x520.jpeg 371w, https:\/\/www.damery.com\/petrawauters\/wp-content\/uploads\/2021\/05\/Flyer_Ma-methode-aquarelle_2021-768x1076.jpeg 768w, https:\/\/www.damery.com\/petrawauters\/wp-content\/uploads\/2021\/05\/Flyer_Ma-methode-aquarelle_2021-1097x1536.jpeg 1097w\" sizes=\"(max-width: 1181px) 100vw, 1181px\" \/><\/a><\/figure>\n<\/figure>\n\n\n\n<div style=\"height:50px\" aria-hidden=\"true\" class=\"wp-block-spacer\"><\/div>\n<\/div><\/div>\n\n\n\n<figure class=\"wp-block-gallery has-nested-images columns-2 is-cropped wp-block-gallery-2 is-layout-flex wp-block-gallery-is-layout-flex\">\n<figure class=\"wp-block-image size-large is-style-default\"><a href=\"https:\/\/www.damery.com\/petrawauters\/wp-content\/uploads\/2020\/03\/COQ-0-2.jpg\"><img loading=\"lazy\" decoding=\"async\" width=\"1024\" height=\"754\" data-id=\"1643\" src=\"https:\/\/www.damery.com\/petrawauters\/wp-content\/uploads\/2020\/03\/COQ-0-2.jpg\" alt=\"\" class=\"wp-image-1643\" srcset=\"https:\/\/www.damery.com\/petrawauters\/wp-content\/uploads\/2020\/03\/COQ-0-2.jpg 1024w, https:\/\/www.damery.com\/petrawauters\/wp-content\/uploads\/2020\/03\/COQ-0-2-300x221.jpg 300w, https:\/\/www.damery.com\/petrawauters\/wp-content\/uploads\/2020\/03\/COQ-0-2-768x566.jpg 768w\" sizes=\"(max-width: 1024px) 100vw, 1024px\" \/><\/a><\/figure>\n\n\n\n<figure class=\"wp-block-image size-large is-style-default\"><a href=\"https:\/\/www.damery.com\/petrawauters\/wp-content\/uploads\/2020\/05\/coquelicots-et-lavandes-1.jpg\"><img loading=\"lazy\" decoding=\"async\" width=\"827\" height=\"649\" data-id=\"2191\" src=\"https:\/\/www.damery.com\/petrawauters\/wp-content\/uploads\/2020\/05\/coquelicots-et-lavandes-1.jpg\" alt=\"\" class=\"wp-image-2191\" srcset=\"https:\/\/www.damery.com\/petrawauters\/wp-content\/uploads\/2020\/05\/coquelicots-et-lavandes-1.jpg 827w, https:\/\/www.damery.com\/petrawauters\/wp-content\/uploads\/2020\/05\/coquelicots-et-lavandes-1-300x235.jpg 300w, https:\/\/www.damery.com\/petrawauters\/wp-content\/uploads\/2020\/05\/coquelicots-et-lavandes-1-768x603.jpg 768w\" sizes=\"(max-width: 827px) 100vw, 827px\" \/><\/a><\/figure>\n<\/figure>\n\n\n\n<figure class=\"wp-block-gallery aligncenter has-nested-images columns-default is-cropped wp-block-gallery-3 is-layout-flex wp-block-gallery-is-layout-flex\">\n<figure class=\"wp-block-image size-large is-style-default\"><a href=\"https:\/\/www.damery.com\/petrawauters\/wp-content\/uploads\/2020\/05\/Atmosph\u00e8re-jeux-de-lumi\u00e8res-dans-les-dunes-1.jpg\"><img loading=\"lazy\" decoding=\"async\" width=\"1024\" height=\"685\" data-id=\"2189\" src=\"https:\/\/www.damery.com\/petrawauters\/wp-content\/uploads\/2020\/05\/Atmosph\u00e8re-jeux-de-lumi\u00e8res-dans-les-dunes-1-1024x685.jpg\" alt=\"\" class=\"wp-image-2189\" srcset=\"https:\/\/www.damery.com\/petrawauters\/wp-content\/uploads\/2020\/05\/Atmosph\u00e8re-jeux-de-lumi\u00e8res-dans-les-dunes-1-1024x685.jpg 1024w, https:\/\/www.damery.com\/petrawauters\/wp-content\/uploads\/2020\/05\/Atmosph\u00e8re-jeux-de-lumi\u00e8res-dans-les-dunes-1-300x201.jpg 300w, https:\/\/www.damery.com\/petrawauters\/wp-content\/uploads\/2020\/05\/Atmosph\u00e8re-jeux-de-lumi\u00e8res-dans-les-dunes-1-768x514.jpg 768w, https:\/\/www.damery.com\/petrawauters\/wp-content\/uploads\/2020\/05\/Atmosph\u00e8re-jeux-de-lumi\u00e8res-dans-les-dunes-1.jpg 1280w\" sizes=\"(max-width: 1024px) 100vw, 1024px\" \/><\/a><\/figure>\n<\/figure>\n\n\n<div id=\"id0_outside\">\n<p style=\"padding-left: 30px; text-align: center;\"><strong>\u00a0Bienvenue sur le site de P\u00e9tra,<\/strong><\/p>\n<p><img loading=\"lazy\" decoding=\"async\" class=\"size-medium wp-image-637 aligncenter\" title=\"Petra noir et blanc 001\" src=\"http:\/\/www.damery.com\/dev\/petrawauters\/wp-content\/uploads\/2011\/04\/P\u00e9tra-noir-et-blanc-001-271x300.jpg\" alt=\"\" width=\"128\" height=\"142\" srcset=\"https:\/\/www.damery.com\/petrawauters\/wp-content\/uploads\/2011\/04\/P\u00e9tra-noir-et-blanc-001-271x300.jpg 271w, https:\/\/www.damery.com\/petrawauters\/wp-content\/uploads\/2011\/04\/P\u00e9tra-noir-et-blanc-001-135x150.jpg 135w, https:\/\/www.damery.com\/petrawauters\/wp-content\/uploads\/2011\/04\/P\u00e9tra-noir-et-blanc-001.jpg 304w\" sizes=\"(max-width: 128px) 100vw, 128px\" \/><strong>Vous y trouverez des dizaines de peintures r\u00e9parties en galeries th\u00e9matiques, \u00a0des articles de presse, son Curriculum Vitae, des liens\u2026 ainsi que toutes les actualit\u00e9s mises \u00e0 jour r\u00e9guli\u00e8rement.<\/strong><\/p>\n<p><strong>N\u2019h\u00e9sitez pas \u00e0 laisser un petit mot sur son livre d\u2019Or en partant\u2026 <\/strong><strong>Bonne visite !<\/strong><\/p>\n<\/p>\n<p><a href=\"http:\/\/www.damery.com\/dev\/petrawauters\/wp-content\/uploads\/2011\/04\/IMG_7046-1.jpg\"><img loading=\"lazy\" decoding=\"async\" class=\"aligncenter size-medium wp-image-1276\" src=\"http:\/\/www.damery.com\/dev\/petrawauters\/wp-content\/uploads\/2011\/04\/IMG_7046-1-300x225.jpg\" alt=\"IMG_7046 (1)\" width=\"300\" height=\"225\" srcset=\"https:\/\/www.damery.com\/petrawauters\/wp-content\/uploads\/2011\/04\/IMG_7046-1-300x225.jpg 300w, https:\/\/www.damery.com\/petrawauters\/wp-content\/uploads\/2011\/04\/IMG_7046-1-1024x768.jpg 1024w, https:\/\/www.damery.com\/petrawauters\/wp-content\/uploads\/2011\/04\/IMG_7046-1-150x112.jpg 150w, https:\/\/www.damery.com\/petrawauters\/wp-content\/uploads\/2011\/04\/IMG_7046-1-400x300.jpg 400w, https:\/\/www.damery.com\/petrawauters\/wp-content\/uploads\/2011\/04\/IMG_7046-1.jpg 1280w\" sizes=\"(max-width: 300px) 100vw, 300px\" \/><\/a><\/p>\n<\/div>\n<div id=\"id1_outside\">\n<div style=\"text-align: left;\">\u00a0<\/div>\n<div style=\"text-align: left;\">\u00a0<\/div>\n<div style=\"text-align: center;\"><em>\u00ab\u00a0Elle est comme \u00e7a P\u00e9tra.<br \/>Nature, donc changeante.<br \/>Au gr\u00e9 des vents, au gr\u00e9 du temps,<br \/>au gr\u00e9 de la vie.<br \/>M\u00eame si au premier regard d\u00e9sinvolte des autres <\/em><\/div>\n<div style=\"text-align: center;\"><em>c&rsquo;est toujours le m\u00eame sourire.<\/em><\/div>\n<\/div>\n<div>\u00a0<\/div>\n<div>\u00a0<\/div>\n<div id=\"id1_outside\">\n<div style=\"text-align: center;\"><em><a href=\"http:\/\/www.damery.com\/dev\/petrawauters\/wp-content\/uploads\/2011\/04\/IMG_7219.jpg\"><img loading=\"lazy\" decoding=\"async\" class=\"aligncenter size-medium wp-image-1280\" src=\"http:\/\/www.damery.com\/dev\/petrawauters\/wp-content\/uploads\/2011\/04\/IMG_7219-300x225.jpg\" alt=\"IMG_7219\" width=\"300\" height=\"225\" srcset=\"https:\/\/www.damery.com\/petrawauters\/wp-content\/uploads\/2011\/04\/IMG_7219-300x225.jpg 300w, https:\/\/www.damery.com\/petrawauters\/wp-content\/uploads\/2011\/04\/IMG_7219-1024x768.jpg 1024w, https:\/\/www.damery.com\/petrawauters\/wp-content\/uploads\/2011\/04\/IMG_7219-150x112.jpg 150w, https:\/\/www.damery.com\/petrawauters\/wp-content\/uploads\/2011\/04\/IMG_7219-400x300.jpg 400w, https:\/\/www.damery.com\/petrawauters\/wp-content\/uploads\/2011\/04\/IMG_7219.jpg 1280w\" sizes=\"(max-width: 300px) 100vw, 300px\" \/><\/a><br \/><\/em><em><br \/><\/em><em>Elle est comme tout le monde, P\u00e9tra.<br \/>Elle a des \u00e9tats d&rsquo;\u00e2me,<br \/>et elle en fait de la peinture.<br \/>Quel bonheur!\u00a0\u00bb<\/em><\/div>\n<div style=\"text-align: center;\"><em>JPG \u00ab\u00a0Est R\u00e9publicain\u00a0\u00bb<br \/><\/em><\/div>\n<\/div>\n\n\n<p><\/p>\n","protected":false},"excerpt":{"rendered":"<p>Reportage de gensdeprovence \u00e0 l&rsquo;occasion de la sortie de mon livre chez in situ 17 J&rsquo;ai le plaisir de vous pr\u00e9senter mon nouveau livre: \u00a0\u00bb Regards crois\u00e9s sur l&rsquo;aquarelle\u00a0\u00bb paru aux Editions Ulisse J&rsquo;ai le plaisir de vous annoncer la sortie de mon livre :&nbsp;\u00ab\u00a0Ma m\u00e9thode d&rsquo;aquarelle- jusqu&rsquo;au bout du pinceau\u00a0\u00bb &#8211;&nbsp;Ulisse Editions &#8211;&nbsp; \u00a0Bienvenue &hellip; <a href=\"https:\/\/www.damery.com\/petrawauters\/\" class=\"more-link\">Continuer la lecture de <span class=\"screen-reader-text\">Bienvenue !<\/span>  <span class=\"meta-nav\">&rarr;<\/span><\/a><\/p>\n","protected":false},"author":3,"featured_media":0,"parent":0,"menu_order":1,"comment_status":"open","ping_status":"open","template":"","meta":{"footnotes":""},"_links":{"self":[{"href":"https:\/\/www.damery.com\/petrawauters\/wp-json\/wp\/v2\/pages\/150"}],"collection":[{"href":"https:\/\/www.damery.com\/petrawauters\/wp-json\/wp\/v2\/pages"}],"about":[{"href":"https:\/\/www.damery.com\/petrawauters\/wp-json\/wp\/v2\/types\/page"}],"author":[{"embeddable":true,"href":"https:\/\/www.damery.com\/petrawauters\/wp-json\/wp\/v2\/users\/3"}],"replies":[{"embeddable":true,"href":"https:\/\/www.damery.com\/petrawauters\/wp-json\/wp\/v2\/comments?post=150"}],"version-history":[{"count":101,"href":"https:\/\/www.damery.com\/petrawauters\/wp-json\/wp\/v2\/pages\/150\/revisions"}],"predecessor-version":[{"id":3624,"href":"https:\/\/www.damery.com\/petrawauters\/wp-json\/wp\/v2\/pages\/150\/revisions\/3624"}],"wp:attachment":[{"href":"https:\/\/www.damery.com\/petrawauters\/wp-json\/wp\/v2\/media?parent=150"}],"curies":[{"name":"wp","href":"https:\/\/api.w.org\/{rel}","templated":true}]}}