{"id":1379,"date":"2018-02-28T15:25:56","date_gmt":"2018-02-28T15:25:56","guid":{"rendered":"http:\/\/www.damery.com\/petrawauters\/?page_id=1379"},"modified":"2018-02-28T15:43:31","modified_gmt":"2018-02-28T15:43:31","slug":"1379-2","status":"publish","type":"page","link":"https:\/\/www.damery.com\/petrawauters\/1379-2\/","title":{"rendered":"Sortie du livre sur le Festival Mondial du th\u00e9\u00e2tre de Nancy"},"content":{"rendered":"<p><a href=\"http:\/\/www.damery.com\/petrawauters\/wp-content\/uploads\/2018\/02\/1507-1.jpg\"><img loading=\"lazy\" decoding=\"async\" src=\"http:\/\/www.damery.com\/petrawauters\/wp-content\/uploads\/2018\/02\/1507-1-213x300.jpg\" alt=\"\" width=\"213\" height=\"300\" class=\"aligncenter size-medium wp-image-1380\" srcset=\"https:\/\/www.damery.com\/petrawauters\/wp-content\/uploads\/2018\/02\/1507-1-213x300.jpg 213w, https:\/\/www.damery.com\/petrawauters\/wp-content\/uploads\/2018\/02\/1507-1-106x150.jpg 106w, https:\/\/www.damery.com\/petrawauters\/wp-content\/uploads\/2018\/02\/1507-1.jpg 400w\" sizes=\"(max-width: 213px) 100vw, 213px\" \/><\/a><\/p>\n<p><strong><br \/>\n<strong>\u00ab\u00a0Comme neige au soleil\u00a0\u00bb<br \/>\nLE FESTIVAL MONDIAL DU TH\u00c9\u00c2TRE DE NANCY \u00bb. 1963 \/ 1983<\/strong><\/strong><br \/>\nIl est l\u00e0,  dans les bacs !<br \/>\nSortie le 1 er mars 2018.<br \/>\n7 ans d&rsquo;\u00e9criture,  et 7 ans d&rsquo;attente pour des raisons diverses.<\/p>\n<p>Le livre a \u00e9t\u00e9 \u00e9dit\u00e9 avec le  concours du Centre National du Livre.<br \/>\nEn 2007, alors qu&rsquo;il dirigeait le Ph\u00e9nix, sc\u00e8ne nationale de Valenciennes,<br \/>\nLew Bogdan,  l\u2019un des directeurs de ce festival cr\u00e9e en 1963 par Jack Lang<br \/>\nm&rsquo;a propos\u00e9 de partager l&rsquo;\u00e9criture du livre.<br \/>\nNous y faisons revivre l&rsquo;incroyable aventure  du  Festival<br \/>\nqui a boulevers\u00e9 le paysage th\u00e9\u00e2tral de ces<br \/>\nderni\u00e8res d\u00e9cennies. <\/p>\n<p><a href=\"http:\/\/www.damery.com\/petrawauters\/wp-content\/uploads\/2018\/02\/IMG_4120.jpg\"><img loading=\"lazy\" decoding=\"async\" src=\"http:\/\/www.damery.com\/petrawauters\/wp-content\/uploads\/2018\/02\/IMG_4120-227x300.jpg\" alt=\"\" width=\"227\" height=\"300\" class=\"aligncenter size-medium wp-image-1388\" srcset=\"https:\/\/www.damery.com\/petrawauters\/wp-content\/uploads\/2018\/02\/IMG_4120-227x300.jpg 227w, https:\/\/www.damery.com\/petrawauters\/wp-content\/uploads\/2018\/02\/IMG_4120-768x1013.jpg 768w, https:\/\/www.damery.com\/petrawauters\/wp-content\/uploads\/2018\/02\/IMG_4120-776x1024.jpg 776w, https:\/\/www.damery.com\/petrawauters\/wp-content\/uploads\/2018\/02\/IMG_4120-114x150.jpg 114w, https:\/\/www.damery.com\/petrawauters\/wp-content\/uploads\/2018\/02\/IMG_4120-400x528.jpg 400w, https:\/\/www.damery.com\/petrawauters\/wp-content\/uploads\/2018\/02\/IMG_4120.jpg 970w\" sizes=\"(max-width: 227px) 100vw, 227px\" \/><\/a><a href=\"http:\/\/www.damery.com\/petrawauters\/wp-content\/uploads\/2018\/02\/IMG_4123-1.jpg\"><img loading=\"lazy\" decoding=\"async\" src=\"http:\/\/www.damery.com\/petrawauters\/wp-content\/uploads\/2018\/02\/IMG_4123-1-204x300.jpg\" alt=\"\" width=\"204\" height=\"300\" class=\"aligncenter size-medium wp-image-1389\" srcset=\"https:\/\/www.damery.com\/petrawauters\/wp-content\/uploads\/2018\/02\/IMG_4123-1-204x300.jpg 204w, https:\/\/www.damery.com\/petrawauters\/wp-content\/uploads\/2018\/02\/IMG_4123-1-768x1129.jpg 768w, https:\/\/www.damery.com\/petrawauters\/wp-content\/uploads\/2018\/02\/IMG_4123-1-697x1024.jpg 697w, https:\/\/www.damery.com\/petrawauters\/wp-content\/uploads\/2018\/02\/IMG_4123-1-102x150.jpg 102w, https:\/\/www.damery.com\/petrawauters\/wp-content\/uploads\/2018\/02\/IMG_4123-1-400x588.jpg 400w, https:\/\/www.damery.com\/petrawauters\/wp-content\/uploads\/2018\/02\/IMG_4123-1.jpg 862w\" sizes=\"(max-width: 204px) 100vw, 204px\" \/><\/a><\/p>\n","protected":false},"excerpt":{"rendered":"<p>\u00ab\u00a0Comme neige au soleil\u00a0\u00bb LE FESTIVAL MONDIAL DU TH\u00c9\u00c2TRE DE NANCY \u00bb. 1963 \/ 1983 Il est l\u00e0, dans les bacs ! Sortie le 1 er mars 2018. 7 ans d&rsquo;\u00e9criture, et 7 ans d&rsquo;attente pour des raisons diverses. Le livre a \u00e9t\u00e9 \u00e9dit\u00e9 avec le concours du Centre National du Livre. En 2007, alors &hellip; <a href=\"https:\/\/www.damery.com\/petrawauters\/1379-2\/\" class=\"more-link\">Continuer la lecture de <span class=\"screen-reader-text\">Sortie du livre sur le Festival Mondial du th\u00e9\u00e2tre de Nancy<\/span>  <span class=\"meta-nav\">&rarr;<\/span><\/a><\/p>\n","protected":false},"author":4,"featured_media":0,"parent":0,"menu_order":0,"comment_status":"closed","ping_status":"closed","template":"","meta":{"footnotes":""},"_links":{"self":[{"href":"https:\/\/www.damery.com\/petrawauters\/wp-json\/wp\/v2\/pages\/1379"}],"collection":[{"href":"https:\/\/www.damery.com\/petrawauters\/wp-json\/wp\/v2\/pages"}],"about":[{"href":"https:\/\/www.damery.com\/petrawauters\/wp-json\/wp\/v2\/types\/page"}],"author":[{"embeddable":true,"href":"https:\/\/www.damery.com\/petrawauters\/wp-json\/wp\/v2\/users\/4"}],"replies":[{"embeddable":true,"href":"https:\/\/www.damery.com\/petrawauters\/wp-json\/wp\/v2\/comments?post=1379"}],"version-history":[{"count":4,"href":"https:\/\/www.damery.com\/petrawauters\/wp-json\/wp\/v2\/pages\/1379\/revisions"}],"predecessor-version":[{"id":1390,"href":"https:\/\/www.damery.com\/petrawauters\/wp-json\/wp\/v2\/pages\/1379\/revisions\/1390"}],"wp:attachment":[{"href":"https:\/\/www.damery.com\/petrawauters\/wp-json\/wp\/v2\/media?parent=1379"}],"curies":[{"name":"wp","href":"https:\/\/api.w.org\/{rel}","templated":true}]}}